{"id":766,"date":"2024-01-12T17:59:50","date_gmt":"2024-01-12T20:59:50","guid":{"rendered":"https:\/\/diatom.com.br\/?page_id=766"},"modified":"2024-01-22T11:20:21","modified_gmt":"2024-01-22T14:20:21","slug":"politica-de-privacidade","status":"publish","type":"page","link":"https:\/\/diatom.com.br\/es\/politica-de-privacidade\/","title":{"rendered":"Pol\u00edtica de privacidad"},"content":{"rendered":"<div data-elementor-type=\"wp-page\" data-elementor-id=\"766\" class=\"elementor elementor-766\" data-elementor-post-type=\"page\">\n\t\t\t\t<div class=\"elementor-element elementor-element-5529adbd e-flex e-con-boxed e-con e-parent\" data-id=\"5529adbd\" data-element_type=\"container\">\n\t\t\t\t\t<div class=\"e-con-inner\">\n\t\t\t\t<div class=\"elementor-element elementor-element-eaa8364 elementor-widget elementor-widget-heading\" data-id=\"eaa8364\" data-element_type=\"widget\" data-widget_type=\"heading.default\">\n\t\t\t\t<div class=\"elementor-widget-container\">\n\t\t\t<style>\/*! elementor - v3.21.0 - 26-05-2024 *\/\n.elementor-heading-title{padding:0;margin:0;line-height:1}.elementor-widget-heading .elementor-heading-title[class*=elementor-size-]>a{color:inherit;font-size:inherit;line-height:inherit}.elementor-widget-heading .elementor-heading-title.elementor-size-small{font-size:15px}.elementor-widget-heading .elementor-heading-title.elementor-size-medium{font-size:19px}.elementor-widget-heading .elementor-heading-title.elementor-size-large{font-size:29px}.elementor-widget-heading .elementor-heading-title.elementor-size-xl{font-size:39px}.elementor-widget-heading .elementor-heading-title.elementor-size-xxl{font-size:59px}<\/style><h1 class=\"elementor-heading-title elementor-size-default\">Pol\u00edtica de privacidad<\/h1>\t\t<\/div>\n\t\t\t\t<\/div>\n\t\t\t\t<div class=\"elementor-element elementor-element-159ba4af elementor-widget elementor-widget-text-editor\" data-id=\"159ba4af\" data-element_type=\"widget\" data-no-translation=\"\" data-widget_type=\"text-editor.default\">\n\t\t\t\t<div class=\"elementor-widget-container\">\n\t\t\t<style>\/*! elementor - v3.21.0 - 26-05-2024 *\/\n.elementor-widget-text-editor.elementor-drop-cap-view-stacked .elementor-drop-cap{background-color:#69727d;color:#fff}.elementor-widget-text-editor.elementor-drop-cap-view-framed .elementor-drop-cap{color:#69727d;border:3px solid;background-color:transparent}.elementor-widget-text-editor:not(.elementor-drop-cap-view-default) .elementor-drop-cap{margin-top:8px}.elementor-widget-text-editor:not(.elementor-drop-cap-view-default) .elementor-drop-cap-letter{width:1em;height:1em}.elementor-widget-text-editor .elementor-drop-cap{float:left;text-align:center;line-height:1;font-size:50px}.elementor-widget-text-editor .elementor-drop-cap-letter{display:inline-block}<\/style><style>.elementor-element-159ba4af{display:none !important}<\/style>\t\t<\/div>\n\t\t\t\t<\/div>\n\t\t\t\t<div class=\"elementor-element elementor-element-540aab0 elementor-widget elementor-widget-text-editor\" data-id=\"540aab0\" data-element_type=\"widget\" data-no-translation=\"\" data-widget_type=\"text-editor.default\">\n\t\t\t\t<div class=\"elementor-widget-container\">\n\t\t\t<style>.elementor-element-540aab0{display:none !important}<\/style>\t\t<\/div>\n\t\t\t\t<\/div>\n\t\t\t\t<div class=\"elementor-element elementor-element-eed6c4f elementor-widget elementor-widget-text-editor\" data-id=\"eed6c4f\" data-element_type=\"widget\" data-no-translation=\"\" data-widget_type=\"text-editor.default\">\n\t\t\t\t<div class=\"elementor-widget-container\">\n\t\t\t\t\t\t\t<p><span style=\"font-weight: 400;\">Pol\u00edtica de privacidad<\/span><\/p><p><span style=\"font-weight: 400;\">\u00daltima actualizaci\u00f3n: [12\/01\/2024]<\/span><\/p><p><span style=\"font-weight: 400;\">Esta Pol\u00edtica de Privacidad describe c\u00f3mo Diatom, (\u201cDiatom\u201d), puede procesar sus datos personales cuando usted, un usuario individual del sitio web (\u201cUsuario\u201d), navega por el sitio web www.diatom.com.br de nuestra propiedad (Sitio).<\/span><\/p><p><span style=\"font-weight: 400;\">Diatom se compromete a proteger los datos personales de los usuarios de nuestro Sitio Web y act\u00faa de conformidad con los t\u00e9rminos de la legislaci\u00f3n aplicable, en particular la Ley General de Protecci\u00f3n de Datos.<\/span><\/p><p><span style=\"font-weight: 400;\">1- C\u00d3MO UTILIZAMOS LOS DATOS PERSONALES<\/span><\/p><p><span style=\"font-weight: 400;\">Durante la navegaci\u00f3n en nuestro Sitio Web, Diatom podr\u00e1 tratar informaci\u00f3n sobre el Usuario. A continuaci\u00f3n, te explicamos por qu\u00e9 procesamos tu informaci\u00f3n y qu\u00e9 datos personales se procesan.<\/span><\/p><ul><li><span style=\"font-weight: 400;\"> Para que puedas contactar con nosotros. Si desea enviar un mensaje a Diatom, le solicitamos su nombre, estado de residencia, n\u00famero de tel\u00e9fono, direcci\u00f3n de correo electr\u00f3nico, asunto y mensaje.<\/span><\/li><li><span style=\"font-weight: 400;\"> Para que pueda solicitar el ejercicio de un derecho. Almacenamos sus datos personales cuando se comunica con nosotros para solicitar el ejercicio de un derecho indicado en el punto 5. En este caso, almacenaremos su nombre, correo electr\u00f3nico, as\u00ed como otros datos personales que pueda proporcionar en su mensaje.<\/span><\/li><li><span style=\"font-weight: 400;\"> Para que usted, el Usuario, pueda solicitar presupuesto de nuestros productos. Trataremos los datos que el Usuario nos comunique, siendo necesario rellenar su nombre, correo electr\u00f3nico, n\u00famero de tel\u00e9fono (que puede ser corporativo) e informaci\u00f3n sobre la empresa que representa el Usuario.<\/span><\/li><li><span style=\"font-weight: 400;\"> Para que el Usuario pueda realizar alguna consulta t\u00e9cnica sobre nuestros productos. Trataremos los datos que el Usuario nos comunique, siendo necesario rellenar su nombre, correo electr\u00f3nico, n\u00famero de tel\u00e9fono (que puede ser corporativo) e informaci\u00f3n sobre la empresa que representa el Usuario.<\/span><\/li><\/ul><p><span style=\"font-weight: 400;\">2 \u2013 COMPARTIR DATOS PERSONALES<\/span><\/p><p><span style=\"font-weight: 400;\">Diatom no compartir\u00e1 sus datos personales con terceros.<\/span><\/p><p><span style=\"color: var( --e-global-color-text ); font-family: var( --e-global-typography-accent-font-family ), Sans-serif; font-size: var( --e-global-typography-accent-font-size ); text-align: var(--text-align);\">3 \u2013 SEGURIDAD DE LA INFORMACI\u00d3N<\/span><\/p><p><span style=\"font-weight: 400;\">Diatom adopta las mejores pr\u00e1cticas de seguridad de la informaci\u00f3n recomendadas internacionalmente contra p\u00e9rdida, mal uso y acceso no autorizado, divulgaci\u00f3n, alteraci\u00f3n y destrucci\u00f3n, teniendo en cuenta los riesgos involucrados en el procesamiento y la naturaleza de dichos datos y el cumplimiento de las leyes y regulaciones aplicables. Sin embargo, debes tener en cuenta que ninguna transmisi\u00f3n por Internet es 100% segura o est\u00e1 libre de errores.<\/span><\/p><p><span style=\"font-weight: 400;\">4 \u2013 TRANSFERENCIA INTERNACIONAL DE DATOS<\/span><\/p><p><span style=\"font-weight: 400;\">En caso de transferencia internacional de datos, Diatom buscar\u00e1 adoptar las medidas adecuadas para garantizar la protecci\u00f3n de los datos personales de los usuarios.<\/span><\/p><p><span style=\"font-weight: 400;\">5 \u2013 PERIODO DE ALMACENAMIENTO DE LA INFORMACI\u00d3N<\/span><\/p><p><span style=\"font-weight: 400;\">Los datos se conservar\u00e1n durante el tiempo necesario para cumplir con las finalidades del tratamiento indicadas en el punto 1 de esta Pol\u00edtica de Privacidad.<\/span><\/p><p><span style=\"font-weight: 400;\">Podemos conservar ciertos datos personales si es necesario para (i) cumplir con la ley aplicable; o (ii) para ejercer nuestros derechos en procedimientos judiciales, administrativos o arbitrales. Salvo en los casos mencionados, eliminaremos o mantendremos tus datos anonimizados (utilizaremos la t\u00e9cnica disponible en cada momento) una vez conseguida la finalidad que justific\u00f3 la recogida de los datos.<\/span><\/p><p><span style=\"font-weight: 400;\">6 \u2013 CAMBIOS EN LA POL\u00cdTICA DE PRIVACIDAD<\/span><\/p><p><span style=\"font-weight: 400;\">Diatom se reserva el derecho de actualizar y cambiar la Pol\u00edtica de Privacidad peri\u00f3dicamente, sin necesidad de comunic\u00e1rselo, excepto si hay alg\u00fan cambio que consideremos relevante o que por ley tengamos el deber de informarle. El Usuario puede revisar la versi\u00f3n m\u00e1s actualizada de la Pol\u00edtica de Privacidad vigente en cualquier momento.<\/span><\/p><p><span style=\"font-weight: 400;\">7 \u2013 LEY APLICABLE<\/span><\/p><p><span style=\"font-weight: 400;\">Este documento se rige y debe ser interpretado de acuerdo con las leyes de la Rep\u00fablica Federativa de Brasil. Se elige al Tribunal de Distrito de S\u00e3o Paulo como autoridad competente para resolver las cuestiones que surjan del presente documento, con renuncia expresa a cualquier otro, por privilegiado que sea.<\/span><\/p>\t\t\t\t\t\t<\/div>\n\t\t\t\t<\/div>\n\t\t\t\t\t<\/div>\n\t\t\t\t<\/div>\n\t\t\t\t<\/div>","protected":false},"excerpt":{"rendered":"<p>\u00daltima atualiza\u00e7\u00e3o: [12\/01\/2024] Esta Pol\u00edtica de Privacidade descreve como a Diatom, (\u201cDiatom\u201d), poder\u00e1 tratar seus dados pessoais quando voc\u00ea, pessoa f\u00edsica usu\u00e1ria do site (\u201cUsu\u00e1rio\u201d), navega no website www.diatom.com.br de nossa propriedade (Site). A Diatom se compromete com a prote\u00e7\u00e3o de dados pessoais dos usu\u00e1rios do nosso Site e atua em conformidade com os termos [&hellip;]<\/p>","protected":false},"author":2,"featured_media":0,"parent":0,"menu_order":0,"comment_status":"closed","ping_status":"closed","template":"","meta":{"footnotes":""},"yoast_head":"<!-- This site is optimized with the Yoast SEO plugin v24.5 - https:\/\/yoast.com\/wordpress\/plugins\/seo\/ -->\n<title>Pol\u00edtica de Privacidade - Diatom<\/title>\n<meta name=\"robots\" content=\"index, follow, max-snippet:-1, max-image-preview:large, max-video-preview:-1\" \/>\n<link rel=\"canonical\" href=\"https:\/\/diatom.com.br\/es\/politica-de-privacidade\/\" \/>\n<meta property=\"og:locale\" content=\"es_ES\" \/>\n<meta property=\"og:type\" content=\"article\" \/>\n<meta property=\"og:title\" content=\"Pol\u00edtica de Privacidade - Diatom\" \/>\n<meta property=\"og:description\" content=\"\u00daltima atualiza\u00e7\u00e3o: [12\/01\/2024] Esta Pol\u00edtica de Privacidade descreve como a Diatom, (\u201cDiatom\u201d), poder\u00e1 tratar seus dados pessoais quando voc\u00ea, pessoa f\u00edsica usu\u00e1ria do site (\u201cUsu\u00e1rio\u201d), navega no website www.diatom.com.br de nossa propriedade (Site). A Diatom se compromete com a prote\u00e7\u00e3o de dados pessoais dos usu\u00e1rios do nosso Site e atua em conformidade com os termos [&hellip;]\" \/>\n<meta property=\"og:url\" content=\"https:\/\/diatom.com.br\/es\/politica-de-privacidade\/\" \/>\n<meta property=\"og:site_name\" content=\"Diatom\" \/>\n<meta property=\"article:modified_time\" content=\"2024-01-22T14:20:21+00:00\" \/>\n<meta name=\"twitter:card\" content=\"summary_large_image\" \/>\n<meta name=\"twitter:label1\" content=\"Est. reading time\" \/>\n\t<meta name=\"twitter:data1\" content=\"10 minutes\" \/>\n<script type=\"application\/ld+json\" class=\"yoast-schema-graph\">{\"@context\":\"https:\/\/schema.org\",\"@graph\":[{\"@type\":\"WebPage\",\"@id\":\"https:\/\/diatom.com.br\/politica-de-privacidade\/\",\"url\":\"https:\/\/diatom.com.br\/politica-de-privacidade\/\",\"name\":\"Pol\u00edtica de Privacidade - Diatom\",\"isPartOf\":{\"@id\":\"https:\/\/diatom.com.br\/#website\"},\"datePublished\":\"2024-01-12T20:59:50+00:00\",\"dateModified\":\"2024-01-22T14:20:21+00:00\",\"inLanguage\":\"es\",\"potentialAction\":[{\"@type\":\"ReadAction\",\"target\":[\"https:\/\/diatom.com.br\/politica-de-privacidade\/\"]}]},{\"@type\":\"WebSite\",\"@id\":\"https:\/\/diatom.com.br\/#website\",\"url\":\"https:\/\/diatom.com.br\/\",\"name\":\"Diatom\",\"description\":\"\",\"potentialAction\":[{\"@type\":\"SearchAction\",\"target\":{\"@type\":\"EntryPoint\",\"urlTemplate\":\"https:\/\/diatom.com.br\/?s={search_term_string}\"},\"query-input\":{\"@type\":\"PropertyValueSpecification\",\"valueRequired\":true,\"valueName\":\"search_term_string\"}}],\"inLanguage\":\"es\"}]}<\/script>\n<!-- \/ Yoast SEO plugin. -->","yoast_head_json":{"title":"Pol\u00edtica de Privacidade - Diatom","robots":{"index":"index","follow":"follow","max-snippet":"max-snippet:-1","max-image-preview":"max-image-preview:large","max-video-preview":"max-video-preview:-1"},"canonical":"https:\/\/diatom.com.br\/es\/politica-de-privacidade\/","og_locale":"es_ES","og_type":"article","og_title":"Pol\u00edtica de Privacidade - Diatom","og_description":"\u00daltima atualiza\u00e7\u00e3o: [12\/01\/2024] Esta Pol\u00edtica de Privacidade descreve como a Diatom, (\u201cDiatom\u201d), poder\u00e1 tratar seus dados pessoais quando voc\u00ea, pessoa f\u00edsica usu\u00e1ria do site (\u201cUsu\u00e1rio\u201d), navega no website www.diatom.com.br de nossa propriedade (Site). A Diatom se compromete com a prote\u00e7\u00e3o de dados pessoais dos usu\u00e1rios do nosso Site e atua em conformidade com os termos [&hellip;]","og_url":"https:\/\/diatom.com.br\/es\/politica-de-privacidade\/","og_site_name":"Diatom","article_modified_time":"2024-01-22T14:20:21+00:00","twitter_card":"summary_large_image","twitter_misc":{"Est. reading time":"10 minutes"},"schema":{"@context":"https:\/\/schema.org","@graph":[{"@type":"WebPage","@id":"https:\/\/diatom.com.br\/politica-de-privacidade\/","url":"https:\/\/diatom.com.br\/politica-de-privacidade\/","name":"Pol\u00edtica de Privacidade - Diatom","isPartOf":{"@id":"https:\/\/diatom.com.br\/#website"},"datePublished":"2024-01-12T20:59:50+00:00","dateModified":"2024-01-22T14:20:21+00:00","inLanguage":"es","potentialAction":[{"@type":"ReadAction","target":["https:\/\/diatom.com.br\/politica-de-privacidade\/"]}]},{"@type":"WebSite","@id":"https:\/\/diatom.com.br\/#website","url":"https:\/\/diatom.com.br\/","name":"Diatom","description":"","potentialAction":[{"@type":"SearchAction","target":{"@type":"EntryPoint","urlTemplate":"https:\/\/diatom.com.br\/?s={search_term_string}"},"query-input":{"@type":"PropertyValueSpecification","valueRequired":true,"valueName":"search_term_string"}}],"inLanguage":"es"}]}},"_links":{"self":[{"href":"https:\/\/diatom.com.br\/es\/wp-json\/wp\/v2\/pages\/766"}],"collection":[{"href":"https:\/\/diatom.com.br\/es\/wp-json\/wp\/v2\/pages"}],"about":[{"href":"https:\/\/diatom.com.br\/es\/wp-json\/wp\/v2\/types\/page"}],"author":[{"embeddable":true,"href":"https:\/\/diatom.com.br\/es\/wp-json\/wp\/v2\/users\/2"}],"replies":[{"embeddable":true,"href":"https:\/\/diatom.com.br\/es\/wp-json\/wp\/v2\/comments?post=766"}],"version-history":[{"count":55,"href":"https:\/\/diatom.com.br\/es\/wp-json\/wp\/v2\/pages\/766\/revisions"}],"predecessor-version":[{"id":1316,"href":"https:\/\/diatom.com.br\/es\/wp-json\/wp\/v2\/pages\/766\/revisions\/1316"}],"wp:attachment":[{"href":"https:\/\/diatom.com.br\/es\/wp-json\/wp\/v2\/media?parent=766"}],"curies":[{"name":"wp","href":"https:\/\/api.w.org\/{rel}","templated":true}]}}