{"id":766,"date":"2024-01-12T17:59:50","date_gmt":"2024-01-12T20:59:50","guid":{"rendered":"https:\/\/diatom.com.br\/?page_id=766"},"modified":"2024-01-22T11:20:21","modified_gmt":"2024-01-22T14:20:21","slug":"politica-de-privacidade","status":"publish","type":"page","link":"https:\/\/diatom.com.br\/en\/politica-de-privacidade\/","title":{"rendered":"Privacy Policy"},"content":{"rendered":"<div data-elementor-type=\"wp-page\" data-elementor-id=\"766\" class=\"elementor elementor-766\" data-elementor-post-type=\"page\">\n\t\t\t\t<div class=\"elementor-element elementor-element-5529adbd e-flex e-con-boxed e-con e-parent\" data-id=\"5529adbd\" data-element_type=\"container\">\n\t\t\t\t\t<div class=\"e-con-inner\">\n\t\t\t\t<div class=\"elementor-element elementor-element-eaa8364 elementor-widget elementor-widget-heading\" data-id=\"eaa8364\" data-element_type=\"widget\" data-widget_type=\"heading.default\">\n\t\t\t\t<div class=\"elementor-widget-container\">\n\t\t\t<style>\/*! elementor - v3.21.0 - 26-05-2024 *\/\n.elementor-heading-title{padding:0;margin:0;line-height:1}.elementor-widget-heading .elementor-heading-title[class*=elementor-size-]>a{color:inherit;font-size:inherit;line-height:inherit}.elementor-widget-heading .elementor-heading-title.elementor-size-small{font-size:15px}.elementor-widget-heading .elementor-heading-title.elementor-size-medium{font-size:19px}.elementor-widget-heading .elementor-heading-title.elementor-size-large{font-size:29px}.elementor-widget-heading .elementor-heading-title.elementor-size-xl{font-size:39px}.elementor-widget-heading .elementor-heading-title.elementor-size-xxl{font-size:59px}<\/style><h1 class=\"elementor-heading-title elementor-size-default\">Privacy Policy<\/h1>\t\t<\/div>\n\t\t\t\t<\/div>\n\t\t\t\t<div class=\"elementor-element elementor-element-159ba4af elementor-widget elementor-widget-text-editor\" data-id=\"159ba4af\" data-element_type=\"widget\" data-no-translation=\"\" data-widget_type=\"text-editor.default\">\n\t\t\t\t<div class=\"elementor-widget-container\">\n\t\t\t<style>\/*! elementor - v3.21.0 - 26-05-2024 *\/\n.elementor-widget-text-editor.elementor-drop-cap-view-stacked .elementor-drop-cap{background-color:#69727d;color:#fff}.elementor-widget-text-editor.elementor-drop-cap-view-framed .elementor-drop-cap{color:#69727d;border:3px solid;background-color:transparent}.elementor-widget-text-editor:not(.elementor-drop-cap-view-default) .elementor-drop-cap{margin-top:8px}.elementor-widget-text-editor:not(.elementor-drop-cap-view-default) .elementor-drop-cap-letter{width:1em;height:1em}.elementor-widget-text-editor .elementor-drop-cap{float:left;text-align:center;line-height:1;font-size:50px}.elementor-widget-text-editor .elementor-drop-cap-letter{display:inline-block}<\/style><style>.elementor-element-159ba4af{display:none !important}<\/style>\t\t<\/div>\n\t\t\t\t<\/div>\n\t\t\t\t<div class=\"elementor-element elementor-element-540aab0 elementor-widget elementor-widget-text-editor\" data-id=\"540aab0\" data-element_type=\"widget\" data-no-translation=\"\" data-widget_type=\"text-editor.default\">\n\t\t\t\t<div class=\"elementor-widget-container\">\n\t\t\t\t\t\t\t<p><span style=\"font-weight: 400;\">Last updated: [01\/12\/2024]<\/span><\/p><p><span style=\"font-weight: 400;\">This Privacy Policy describes how Diatom, (\u201cDiatom\u201d), may process your personal data when you, an individual user of the website (\u201cUser\u201d), browse the website www.diatom.com.br owned by us (Site) .<\/span><\/p><p><span style=\"font-weight: 400;\">Diatom is committed to protecting the personal data of users of our Website and acts in accordance with the terms of applicable legislation, in particular the General Data Protection Law.<\/span><\/p><p><span style=\"font-weight: 400;\">1- HOW WE USE PERSONAL DATA<\/span><\/p><p><span style=\"font-weight: 400;\">When browsing our Website, Diatom may process information about the User. Below, we explain why we process your information and what personal data is processed.<\/span><\/p><ul><li><span style=\"font-weight: 400;\"> So you can contact us. If you wish to send a message to Diatom, we ask for your name, state of residence, telephone number, email address, subject and message.<\/span><\/li><li><span style=\"font-weight: 400;\"> So that you can request to exercise a right. We store your personal data when you contact us to request the exercise of a right indicated in item 5. In this case, we will store your name, email, as well as other personal data that you may provide in your message.<\/span><\/li><li><span style=\"font-weight: 400;\"> So that you, the User, can request a quote for our products. We will process the data that the User informs us, being necessary to fill in their name, email, telephone number (which may be corporate) and information about the company that the User represents.<\/span><\/li><li><span style=\"font-weight: 400;\"> So that the User can ask a technical question about our products. We will process the data that the User informs us, being necessary to fill in their name, email, telephone number (which may be corporate) and information about the company that the User represents.<\/span><\/li><\/ul><p><span style=\"font-weight: 400;\">2 \u2013 SHARING OF PERSONAL DATA<\/span><\/p><p><span style=\"font-weight: 400;\">Diatom will not share your personal data with third parties.<\/span><\/p><p><span style=\"font-weight: 400;\">3 \u2013 INFORMATION SECURITY<\/span><\/p><p><span style=\"font-weight: 400;\">Diatom adopts the best internationally recommended information security practices against loss, misuse and unauthorized access, disclosure, alteration and destruction, taking into account the risks involved in the processing and nature of such data and compliance with laws and regulations. applicable regulations. However, you should keep in mind that no internet transmission is 100% secure or error-free.<\/span><\/p><p><span style=\"font-weight: 400;\">4 \u2013 INTERNATIONAL DATA TRANSFER<\/span><\/p><p><span style=\"font-weight: 400;\">In the event of international data transfer, Diatom will seek to adopt appropriate measures to ensure the protection of users&#8217; personal data.<\/span><\/p><p><span style=\"font-weight: 400;\">5 \u2013 INFORMATION STORAGE PERIOD<\/span><\/p><p><span style=\"font-weight: 400;\">The data will be stored for the time necessary to fulfill the processing purposes indicated in item 1 of this Privacy Policy.<\/span><\/p><p><span style=\"font-weight: 400;\">We may retain certain personal data if necessary to (i) comply with applicable law; or (ii) to exercise our rights in judicial, administrative or arbitration proceedings. Except in the cases mentioned, we will delete or keep your data anonymized (we will use the technique available at the time) after the purpose that justified the collection of the data has been achieved.<\/span><\/p><p><span style=\"font-weight: 400;\">6 \u2013 CHANGES IN THE PRIVACY POLICY<\/span><\/p><p><span style=\"font-weight: 400;\">Diatom reserves the right to update and change the Privacy Policy periodically, without the need to notify you accordingly, except if there is any change that we deem relevant or that by law we have a duty to inform you about. The User can review the most current version of the current Privacy Policy at any time.<\/span><\/p><p><span style=\"font-weight: 400;\">7 \u2013 APPLICABLE LAW<\/span><\/p><p><span style=\"font-weight: 400;\">This document is governed by and must be interpreted in accordance with the laws of the Federative Republic of Brazil. The S\u00e3o Paulo District Court is hereby elected as the competent authority to resolve any issues arising from this document, expressly renouncing any other, however privileged it may be.<\/span><\/p>\t\t\t\t\t\t<\/div>\n\t\t\t\t<\/div>\n\t\t\t\t<div class=\"elementor-element elementor-element-eed6c4f elementor-widget elementor-widget-text-editor\" data-id=\"eed6c4f\" data-element_type=\"widget\" data-no-translation=\"\" data-widget_type=\"text-editor.default\">\n\t\t\t\t<div class=\"elementor-widget-container\">\n\t\t\t<style>.elementor-element-eed6c4f{display:none !important}<\/style>\t\t<\/div>\n\t\t\t\t<\/div>\n\t\t\t\t\t<\/div>\n\t\t\t\t<\/div>\n\t\t\t\t<\/div>","protected":false},"excerpt":{"rendered":"<p>\u00daltima atualiza\u00e7\u00e3o: [12\/01\/2024] Esta Pol\u00edtica de Privacidade descreve como a Diatom, (\u201cDiatom\u201d), poder\u00e1 tratar seus dados pessoais quando voc\u00ea, pessoa f\u00edsica usu\u00e1ria do site (\u201cUsu\u00e1rio\u201d), navega no website www.diatom.com.br de nossa propriedade (Site). A Diatom se compromete com a prote\u00e7\u00e3o de dados pessoais dos usu\u00e1rios do nosso Site e atua em conformidade com os termos [&hellip;]<\/p>","protected":false},"author":2,"featured_media":0,"parent":0,"menu_order":0,"comment_status":"closed","ping_status":"closed","template":"","meta":{"footnotes":""},"yoast_head":"<!-- This site is optimized with the Yoast SEO plugin v24.5 - https:\/\/yoast.com\/wordpress\/plugins\/seo\/ -->\n<title>Pol\u00edtica de Privacidade - Diatom<\/title>\n<meta name=\"robots\" content=\"index, follow, max-snippet:-1, max-image-preview:large, max-video-preview:-1\" \/>\n<link rel=\"canonical\" href=\"https:\/\/diatom.com.br\/en\/politica-de-privacidade\/\" \/>\n<meta property=\"og:locale\" content=\"en_US\" \/>\n<meta property=\"og:type\" content=\"article\" \/>\n<meta property=\"og:title\" content=\"Pol\u00edtica de Privacidade - Diatom\" \/>\n<meta property=\"og:description\" content=\"\u00daltima atualiza\u00e7\u00e3o: [12\/01\/2024] Esta Pol\u00edtica de Privacidade descreve como a Diatom, (\u201cDiatom\u201d), poder\u00e1 tratar seus dados pessoais quando voc\u00ea, pessoa f\u00edsica usu\u00e1ria do site (\u201cUsu\u00e1rio\u201d), navega no website www.diatom.com.br de nossa propriedade (Site). A Diatom se compromete com a prote\u00e7\u00e3o de dados pessoais dos usu\u00e1rios do nosso Site e atua em conformidade com os termos [&hellip;]\" \/>\n<meta property=\"og:url\" content=\"https:\/\/diatom.com.br\/en\/politica-de-privacidade\/\" \/>\n<meta property=\"og:site_name\" content=\"Diatom\" \/>\n<meta property=\"article:modified_time\" content=\"2024-01-22T14:20:21+00:00\" \/>\n<meta name=\"twitter:card\" content=\"summary_large_image\" \/>\n<meta name=\"twitter:label1\" content=\"Est. reading time\" \/>\n\t<meta name=\"twitter:data1\" content=\"10 minutes\" \/>\n<script type=\"application\/ld+json\" class=\"yoast-schema-graph\">{\"@context\":\"https:\/\/schema.org\",\"@graph\":[{\"@type\":\"WebPage\",\"@id\":\"https:\/\/diatom.com.br\/politica-de-privacidade\/\",\"url\":\"https:\/\/diatom.com.br\/politica-de-privacidade\/\",\"name\":\"Pol\u00edtica de Privacidade - Diatom\",\"isPartOf\":{\"@id\":\"https:\/\/diatom.com.br\/#website\"},\"datePublished\":\"2024-01-12T20:59:50+00:00\",\"dateModified\":\"2024-01-22T14:20:21+00:00\",\"inLanguage\":\"en-US\",\"potentialAction\":[{\"@type\":\"ReadAction\",\"target\":[\"https:\/\/diatom.com.br\/politica-de-privacidade\/\"]}]},{\"@type\":\"WebSite\",\"@id\":\"https:\/\/diatom.com.br\/#website\",\"url\":\"https:\/\/diatom.com.br\/\",\"name\":\"Diatom\",\"description\":\"\",\"potentialAction\":[{\"@type\":\"SearchAction\",\"target\":{\"@type\":\"EntryPoint\",\"urlTemplate\":\"https:\/\/diatom.com.br\/?s={search_term_string}\"},\"query-input\":{\"@type\":\"PropertyValueSpecification\",\"valueRequired\":true,\"valueName\":\"search_term_string\"}}],\"inLanguage\":\"en-US\"}]}<\/script>\n<!-- \/ Yoast SEO plugin. -->","yoast_head_json":{"title":"Pol\u00edtica de Privacidade - Diatom","robots":{"index":"index","follow":"follow","max-snippet":"max-snippet:-1","max-image-preview":"max-image-preview:large","max-video-preview":"max-video-preview:-1"},"canonical":"https:\/\/diatom.com.br\/en\/politica-de-privacidade\/","og_locale":"en_US","og_type":"article","og_title":"Pol\u00edtica de Privacidade - Diatom","og_description":"\u00daltima atualiza\u00e7\u00e3o: [12\/01\/2024] Esta Pol\u00edtica de Privacidade descreve como a Diatom, (\u201cDiatom\u201d), poder\u00e1 tratar seus dados pessoais quando voc\u00ea, pessoa f\u00edsica usu\u00e1ria do site (\u201cUsu\u00e1rio\u201d), navega no website www.diatom.com.br de nossa propriedade (Site). A Diatom se compromete com a prote\u00e7\u00e3o de dados pessoais dos usu\u00e1rios do nosso Site e atua em conformidade com os termos [&hellip;]","og_url":"https:\/\/diatom.com.br\/en\/politica-de-privacidade\/","og_site_name":"Diatom","article_modified_time":"2024-01-22T14:20:21+00:00","twitter_card":"summary_large_image","twitter_misc":{"Est. reading time":"10 minutes"},"schema":{"@context":"https:\/\/schema.org","@graph":[{"@type":"WebPage","@id":"https:\/\/diatom.com.br\/politica-de-privacidade\/","url":"https:\/\/diatom.com.br\/politica-de-privacidade\/","name":"Pol\u00edtica de Privacidade - Diatom","isPartOf":{"@id":"https:\/\/diatom.com.br\/#website"},"datePublished":"2024-01-12T20:59:50+00:00","dateModified":"2024-01-22T14:20:21+00:00","inLanguage":"en-US","potentialAction":[{"@type":"ReadAction","target":["https:\/\/diatom.com.br\/politica-de-privacidade\/"]}]},{"@type":"WebSite","@id":"https:\/\/diatom.com.br\/#website","url":"https:\/\/diatom.com.br\/","name":"Diatom","description":"","potentialAction":[{"@type":"SearchAction","target":{"@type":"EntryPoint","urlTemplate":"https:\/\/diatom.com.br\/?s={search_term_string}"},"query-input":{"@type":"PropertyValueSpecification","valueRequired":true,"valueName":"search_term_string"}}],"inLanguage":"en-US"}]}},"_links":{"self":[{"href":"https:\/\/diatom.com.br\/en\/wp-json\/wp\/v2\/pages\/766"}],"collection":[{"href":"https:\/\/diatom.com.br\/en\/wp-json\/wp\/v2\/pages"}],"about":[{"href":"https:\/\/diatom.com.br\/en\/wp-json\/wp\/v2\/types\/page"}],"author":[{"embeddable":true,"href":"https:\/\/diatom.com.br\/en\/wp-json\/wp\/v2\/users\/2"}],"replies":[{"embeddable":true,"href":"https:\/\/diatom.com.br\/en\/wp-json\/wp\/v2\/comments?post=766"}],"version-history":[{"count":55,"href":"https:\/\/diatom.com.br\/en\/wp-json\/wp\/v2\/pages\/766\/revisions"}],"predecessor-version":[{"id":1316,"href":"https:\/\/diatom.com.br\/en\/wp-json\/wp\/v2\/pages\/766\/revisions\/1316"}],"wp:attachment":[{"href":"https:\/\/diatom.com.br\/en\/wp-json\/wp\/v2\/media?parent=766"}],"curies":[{"name":"wp","href":"https:\/\/api.w.org\/{rel}","templated":true}]}}