{"id":696,"date":"2024-01-12T09:44:45","date_gmt":"2024-01-12T12:44:45","guid":{"rendered":"https:\/\/diatom.com.br\/?page_id=696"},"modified":"2024-01-22T12:34:23","modified_gmt":"2024-01-22T15:34:23","slug":"diatom-logistica","status":"publish","type":"page","link":"https:\/\/diatom.com.br\/en\/diatom-logistica\/","title":{"rendered":"Diatom Logistics"},"content":{"rendered":"<div data-elementor-type=\"wp-page\" data-elementor-id=\"696\" class=\"elementor elementor-696\" data-elementor-post-type=\"page\">\n\t\t\t\t<div class=\"elementor-element elementor-element-784ae04 e-con-full e-flex e-con e-parent\" data-id=\"784ae04\" data-element_type=\"container\" data-settings=\"{&quot;background_background&quot;:&quot;classic&quot;}\">\n\t\t\t\t<div class=\"elementor-element elementor-element-a9d7389 elementor-widget elementor-widget-heading\" data-id=\"a9d7389\" data-element_type=\"widget\" data-widget_type=\"heading.default\">\n\t\t\t\t<div class=\"elementor-widget-container\">\n\t\t\t<style>\/*! elementor - v3.21.0 - 26-05-2024 *\/\n.elementor-heading-title{padding:0;margin:0;line-height:1}.elementor-widget-heading .elementor-heading-title[class*=elementor-size-]>a{color:inherit;font-size:inherit;line-height:inherit}.elementor-widget-heading .elementor-heading-title.elementor-size-small{font-size:15px}.elementor-widget-heading .elementor-heading-title.elementor-size-medium{font-size:19px}.elementor-widget-heading .elementor-heading-title.elementor-size-large{font-size:29px}.elementor-widget-heading .elementor-heading-title.elementor-size-xl{font-size:39px}.elementor-widget-heading .elementor-heading-title.elementor-size-xxl{font-size:59px}<\/style><h1 class=\"elementor-heading-title elementor-size-default\">Diatom Logistics<\/h1>\t\t<\/div>\n\t\t\t\t<\/div>\n\t\t\t\t<\/div>\n\t\t<div class=\"elementor-element elementor-element-a5d829c e-flex e-con-boxed e-con e-parent\" data-id=\"a5d829c\" data-element_type=\"container\">\n\t\t\t\t\t<div class=\"e-con-inner\">\n\t\t<div class=\"elementor-element elementor-element-0e3dece e-con-full e-flex e-con e-child\" data-id=\"0e3dece\" data-element_type=\"container\">\n\t\t\t\t<div class=\"elementor-element elementor-element-24a3315 elementor-widget elementor-widget-heading\" data-id=\"24a3315\" data-element_type=\"widget\" data-widget_type=\"heading.default\">\n\t\t\t\t<div class=\"elementor-widget-container\">\n\t\t\t<h2 class=\"elementor-heading-title elementor-size-default\">Diatom Logistics was developed to transform challenges into cooperation.<\/h2>\t\t<\/div>\n\t\t\t\t<\/div>\n\t\t\t\t<div class=\"elementor-element elementor-element-d9745cf elementor-widget elementor-widget-text-editor\" data-id=\"d9745cf\" data-element_type=\"widget\" data-widget_type=\"text-editor.default\">\n\t\t\t\t<div class=\"elementor-widget-container\">\n\t\t\t<style>\/*! elementor - v3.21.0 - 26-05-2024 *\/\n.elementor-widget-text-editor.elementor-drop-cap-view-stacked .elementor-drop-cap{background-color:#69727d;color:#fff}.elementor-widget-text-editor.elementor-drop-cap-view-framed .elementor-drop-cap{color:#69727d;border:3px solid;background-color:transparent}.elementor-widget-text-editor:not(.elementor-drop-cap-view-default) .elementor-drop-cap{margin-top:8px}.elementor-widget-text-editor:not(.elementor-drop-cap-view-default) .elementor-drop-cap-letter{width:1em;height:1em}.elementor-widget-text-editor .elementor-drop-cap{float:left;text-align:center;line-height:1;font-size:50px}.elementor-widget-text-editor .elementor-drop-cap-letter{display:inline-block}<\/style>\t\t\t\t<p>We use cutting-edge technology with real-time monitoring and strategies to maximize operational efficiency with solutions in Road Transport and Intermodal Operations of chemical products.<\/p><p>Recognizing the uniqueness of each operation, we provide personalized and flexible solutions. Always committed to environmental and social responsibility, we work with professionalism and safety, ensuring efficiency and satisfaction from raw materials to delivery to the customer.<\/p>\t\t\t\t\t\t<\/div>\n\t\t\t\t<\/div>\n\t\t\t\t<div class=\"elementor-element elementor-element-cc3897b elementor-widget elementor-widget-heading\" data-id=\"cc3897b\" data-element_type=\"widget\" data-widget_type=\"heading.default\">\n\t\t\t\t<div class=\"elementor-widget-container\">\n\t\t\t<h2 class=\"elementor-heading-title elementor-size-default\"><a href=\"https:\/\/diatom.com.br\/en\/contato\/\">Contact us to find out more!<\/a><\/h2>\t\t<\/div>\n\t\t\t\t<\/div>\n\t\t\t\t<\/div>\n\t\t<div class=\"elementor-element elementor-element-dcd5e78 e-con-full e-flex e-con e-child\" data-id=\"dcd5e78\" data-element_type=\"container\">\n\t\t<div class=\"elementor-element elementor-element-10c5874 e-flex e-con-boxed e-con e-child\" data-id=\"10c5874\" data-element_type=\"container\" data-settings=\"{&quot;background_background&quot;:&quot;classic&quot;}\">\n\t\t\t\t\t<div class=\"e-con-inner\">\n\t\t\t\t<div class=\"elementor-element elementor-element-c6b9dd3 elementor-widget elementor-widget-heading\" data-id=\"c6b9dd3\" data-element_type=\"widget\" data-widget_type=\"heading.default\">\n\t\t\t\t<div class=\"elementor-widget-container\">\n\t\t\t<h2 class=\"elementor-heading-title elementor-size-default\">Count on Diatom Logistics to have the best quality and safety when transporting your cargo!<\/h2>\t\t<\/div>\n\t\t\t\t<\/div>\n\t\t\t\t\t<\/div>\n\t\t\t\t<\/div>\n\t\t<div class=\"elementor-element elementor-element-52e03ae e-flex e-con-boxed e-con e-child\" data-id=\"52e03ae\" data-element_type=\"container\">\n\t\t\t\t\t<div class=\"e-con-inner\">\n\t\t\t\t<div class=\"elementor-element elementor-element-59b98c7 elementor-widget elementor-widget-image\" data-id=\"59b98c7\" data-element_type=\"widget\" data-widget_type=\"image.default\">\n\t\t\t\t<div class=\"elementor-widget-container\">\n\t\t\t<style>\/*! elementor - v3.21.0 - 26-05-2024 *\/\n.elementor-widget-image{text-align:center}.elementor-widget-image a{display:inline-block}.elementor-widget-image a img[src$=\".svg\"]{width:48px}.elementor-widget-image img{vertical-align:middle;display:inline-block}<\/style>\t\t\t\t\t\t\t\t\t\t<img fetchpriority=\"high\" decoding=\"async\" width=\"321\" height=\"216\" src=\"https:\/\/diatom.com.br\/wp-content\/uploads\/2024\/01\/diatom-logistica.jpg\" class=\"attachment-full size-full wp-image-703\" alt=\"diatom logistica\" srcset=\"https:\/\/diatom.com.br\/wp-content\/uploads\/2024\/01\/diatom-logistica.jpg 321w, https:\/\/diatom.com.br\/wp-content\/uploads\/2024\/01\/diatom-logistica-300x202.jpg 300w\" sizes=\"(max-width: 321px) 100vw, 321px\" \/>\t\t\t\t\t\t\t\t\t\t\t\t\t<\/div>\n\t\t\t\t<\/div>\n\t\t\t\t\t<\/div>\n\t\t\t\t<\/div>\n\t\t\t\t<\/div>\n\t\t\t\t\t<\/div>\n\t\t\t\t<\/div>\n\t\t\t\t<\/div>","protected":false},"excerpt":{"rendered":"<p>Diatom Log\u00edstica A Diatom Log\u00edstica foi desenvolvida para transformar desafios em coopera\u00e7\u00e3o. Utilizamos tecnologia de ponta com monitoramento em tempo real e estrat\u00e9gias para maximizar a efici\u00eancia operacional\u2028com solu\u00e7\u00f5es em Transporte Rodovi\u00e1rio e Opera\u00e7\u00f5es Intermodais de produtos qu\u00edmicos. Reconhecendo a singularidade de cada opera\u00e7\u00e3o, proporcionamos solu\u00e7\u00f5es personalizadas e flex\u00edveis, Sempre comprometidos com a responsabilidade ambiental [&hellip;]<\/p>","protected":false},"author":2,"featured_media":0,"parent":0,"menu_order":0,"comment_status":"closed","ping_status":"closed","template":"","meta":{"footnotes":""},"yoast_head":"<!-- This site is optimized with the Yoast SEO plugin v24.5 - https:\/\/yoast.com\/wordpress\/plugins\/seo\/ -->\n<title>Log\u00edstica Rodovi\u00e1ria | Diatom<\/title>\n<meta name=\"description\" content=\"Nossa log\u00edstica rodovi\u00e1ria eficiente garante a entrega pontual de nossos produtos minerais para atender \u00e0s necessidades da ind\u00fastria.\" \/>\n<meta name=\"robots\" content=\"index, follow, max-snippet:-1, max-image-preview:large, max-video-preview:-1\" \/>\n<link rel=\"canonical\" href=\"https:\/\/diatom.com.br\/en\/diatom-logistica\/\" \/>\n<meta property=\"og:locale\" content=\"en_US\" \/>\n<meta property=\"og:type\" content=\"article\" \/>\n<meta property=\"og:title\" content=\"Log\u00edstica Rodovi\u00e1ria | Diatom\" \/>\n<meta property=\"og:description\" content=\"Nossa log\u00edstica rodovi\u00e1ria eficiente garante a entrega pontual de nossos produtos minerais para atender \u00e0s necessidades da ind\u00fastria.\" \/>\n<meta property=\"og:url\" content=\"https:\/\/diatom.com.br\/en\/diatom-logistica\/\" \/>\n<meta property=\"og:site_name\" content=\"Diatom\" \/>\n<meta property=\"article:modified_time\" content=\"2024-01-22T15:34:23+00:00\" \/>\n<meta property=\"og:image\" content=\"https:\/\/diatom.com.br\/wp-content\/uploads\/2024\/01\/diatom-logistica.jpg\" \/>\n<meta name=\"twitter:card\" content=\"summary_large_image\" \/>\n<meta name=\"twitter:label1\" content=\"Est. reading time\" \/>\n\t<meta name=\"twitter:data1\" content=\"1 minute\" \/>\n<script type=\"application\/ld+json\" class=\"yoast-schema-graph\">{\"@context\":\"https:\/\/schema.org\",\"@graph\":[{\"@type\":\"WebPage\",\"@id\":\"https:\/\/diatom.com.br\/diatom-logistica\/\",\"url\":\"https:\/\/diatom.com.br\/diatom-logistica\/\",\"name\":\"Log\u00edstica Rodovi\u00e1ria | Diatom\",\"isPartOf\":{\"@id\":\"https:\/\/diatom.com.br\/#website\"},\"primaryImageOfPage\":{\"@id\":\"https:\/\/diatom.com.br\/diatom-logistica\/#primaryimage\"},\"image\":{\"@id\":\"https:\/\/diatom.com.br\/diatom-logistica\/#primaryimage\"},\"thumbnailUrl\":\"https:\/\/diatom.com.br\/wp-content\/uploads\/2024\/01\/diatom-logistica.jpg\",\"datePublished\":\"2024-01-12T12:44:45+00:00\",\"dateModified\":\"2024-01-22T15:34:23+00:00\",\"description\":\"Nossa log\u00edstica rodovi\u00e1ria eficiente garante a entrega pontual de nossos produtos minerais para atender \u00e0s necessidades da ind\u00fastria.\",\"inLanguage\":\"en-US\",\"potentialAction\":[{\"@type\":\"ReadAction\",\"target\":[\"https:\/\/diatom.com.br\/diatom-logistica\/\"]}]},{\"@type\":\"ImageObject\",\"inLanguage\":\"en-US\",\"@id\":\"https:\/\/diatom.com.br\/diatom-logistica\/#primaryimage\",\"url\":\"https:\/\/diatom.com.br\/wp-content\/uploads\/2024\/01\/diatom-logistica.jpg\",\"contentUrl\":\"https:\/\/diatom.com.br\/wp-content\/uploads\/2024\/01\/diatom-logistica.jpg\"},{\"@type\":\"WebSite\",\"@id\":\"https:\/\/diatom.com.br\/#website\",\"url\":\"https:\/\/diatom.com.br\/\",\"name\":\"Diatom\",\"description\":\"\",\"potentialAction\":[{\"@type\":\"SearchAction\",\"target\":{\"@type\":\"EntryPoint\",\"urlTemplate\":\"https:\/\/diatom.com.br\/?s={search_term_string}\"},\"query-input\":{\"@type\":\"PropertyValueSpecification\",\"valueRequired\":true,\"valueName\":\"search_term_string\"}}],\"inLanguage\":\"en-US\"}]}<\/script>\n<!-- \/ Yoast SEO plugin. -->","yoast_head_json":{"title":"Log\u00edstica Rodovi\u00e1ria | Diatom","description":"Nossa log\u00edstica rodovi\u00e1ria eficiente garante a entrega pontual de nossos produtos minerais para atender \u00e0s necessidades da ind\u00fastria.","robots":{"index":"index","follow":"follow","max-snippet":"max-snippet:-1","max-image-preview":"max-image-preview:large","max-video-preview":"max-video-preview:-1"},"canonical":"https:\/\/diatom.com.br\/en\/diatom-logistica\/","og_locale":"en_US","og_type":"article","og_title":"Log\u00edstica Rodovi\u00e1ria | Diatom","og_description":"Nossa log\u00edstica rodovi\u00e1ria eficiente garante a entrega pontual de nossos produtos minerais para atender \u00e0s necessidades da ind\u00fastria.","og_url":"https:\/\/diatom.com.br\/en\/diatom-logistica\/","og_site_name":"Diatom","article_modified_time":"2024-01-22T15:34:23+00:00","og_image":[{"url":"https:\/\/diatom.com.br\/wp-content\/uploads\/2024\/01\/diatom-logistica.jpg","type":"","width":"","height":""}],"twitter_card":"summary_large_image","twitter_misc":{"Est. reading time":"1 minute"},"schema":{"@context":"https:\/\/schema.org","@graph":[{"@type":"WebPage","@id":"https:\/\/diatom.com.br\/diatom-logistica\/","url":"https:\/\/diatom.com.br\/diatom-logistica\/","name":"Log\u00edstica Rodovi\u00e1ria | Diatom","isPartOf":{"@id":"https:\/\/diatom.com.br\/#website"},"primaryImageOfPage":{"@id":"https:\/\/diatom.com.br\/diatom-logistica\/#primaryimage"},"image":{"@id":"https:\/\/diatom.com.br\/diatom-logistica\/#primaryimage"},"thumbnailUrl":"https:\/\/diatom.com.br\/wp-content\/uploads\/2024\/01\/diatom-logistica.jpg","datePublished":"2024-01-12T12:44:45+00:00","dateModified":"2024-01-22T15:34:23+00:00","description":"Nossa log\u00edstica rodovi\u00e1ria eficiente garante a entrega pontual de nossos produtos minerais para atender \u00e0s necessidades da ind\u00fastria.","inLanguage":"en-US","potentialAction":[{"@type":"ReadAction","target":["https:\/\/diatom.com.br\/diatom-logistica\/"]}]},{"@type":"ImageObject","inLanguage":"en-US","@id":"https:\/\/diatom.com.br\/diatom-logistica\/#primaryimage","url":"https:\/\/diatom.com.br\/wp-content\/uploads\/2024\/01\/diatom-logistica.jpg","contentUrl":"https:\/\/diatom.com.br\/wp-content\/uploads\/2024\/01\/diatom-logistica.jpg"},{"@type":"WebSite","@id":"https:\/\/diatom.com.br\/#website","url":"https:\/\/diatom.com.br\/","name":"Diatom","description":"","potentialAction":[{"@type":"SearchAction","target":{"@type":"EntryPoint","urlTemplate":"https:\/\/diatom.com.br\/?s={search_term_string}"},"query-input":{"@type":"PropertyValueSpecification","valueRequired":true,"valueName":"search_term_string"}}],"inLanguage":"en-US"}]}},"_links":{"self":[{"href":"https:\/\/diatom.com.br\/en\/wp-json\/wp\/v2\/pages\/696"}],"collection":[{"href":"https:\/\/diatom.com.br\/en\/wp-json\/wp\/v2\/pages"}],"about":[{"href":"https:\/\/diatom.com.br\/en\/wp-json\/wp\/v2\/types\/page"}],"author":[{"embeddable":true,"href":"https:\/\/diatom.com.br\/en\/wp-json\/wp\/v2\/users\/2"}],"replies":[{"embeddable":true,"href":"https:\/\/diatom.com.br\/en\/wp-json\/wp\/v2\/comments?post=696"}],"version-history":[{"count":38,"href":"https:\/\/diatom.com.br\/en\/wp-json\/wp\/v2\/pages\/696\/revisions"}],"predecessor-version":[{"id":1345,"href":"https:\/\/diatom.com.br\/en\/wp-json\/wp\/v2\/pages\/696\/revisions\/1345"}],"wp:attachment":[{"href":"https:\/\/diatom.com.br\/en\/wp-json\/wp\/v2\/media?parent=696"}],"curies":[{"name":"wp","href":"https:\/\/api.w.org\/{rel}","templated":true}]}}